{"id":382,"date":"2024-06-08T10:38:49","date_gmt":"2024-06-08T10:38:49","guid":{"rendered":"https:\/\/www.imarja.mojweb.com.hr\/homework\/homework4\/?post_type=product&#038;p=382"},"modified":"2024-06-08T11:13:47","modified_gmt":"2024-06-08T11:13:47","slug":"prirodni-tekuci-puder","status":"publish","type":"product","link":"https:\/\/www.imarja.mojweb.com.hr\/homework\/homework4\/product\/prirodni-tekuci-puder\/","title":{"rendered":"Prirodni teku\u0107i puder"},"content":{"rendered":"<p><span style=\"font-weight: 400;\">Ovaj lagani teku\u0107i puder pru\u017ea prirodno prekrivanje i besprijekoran zavr\u0161etak. Oboga\u0107en organskim sastojcima i bez \u0161tetnih kemikalija, savr\u0161en je za osjetljivu ko\u017eu. Dostupan u vi\u0161e nijansi kako bi odgovarao svim tonovima ko\u017ee.<\/span><\/p>\n","protected":false},"excerpt":{"rendered":"<p>Ovaj lagani teku\u0107i puder pru\u017ea prirodno prekrivanje i besprijekoran zavr\u0161etak. Oboga\u0107en organskim sastojcima i bez \u0161tetnih kemikalija, savr\u0161en je za osjetljivu ko\u017eu. Dostupan u vi\u0161e nijansi kako bi odgovarao svim tonovima ko\u017ee.<\/p>\n","protected":false},"featured_media":383,"comment_status":"open","ping_status":"closed","template":"","meta":[],"product_cat":[22],"product_tag":[],"class_list":{"0":"post-382","1":"product","2":"type-product","3":"status-publish","4":"has-post-thumbnail","6":"product_cat-makeup","8":"first","9":"instock","10":"taxable","11":"shipping-taxable","12":"purchasable","13":"product-type-simple"},"jetpack_sharing_enabled":true,"_links":{"self":[{"href":"https:\/\/www.imarja.mojweb.com.hr\/homework\/homework4\/wp-json\/wp\/v2\/product\/382","targetHints":{"allow":["GET"]}}],"collection":[{"href":"https:\/\/www.imarja.mojweb.com.hr\/homework\/homework4\/wp-json\/wp\/v2\/product"}],"about":[{"href":"https:\/\/www.imarja.mojweb.com.hr\/homework\/homework4\/wp-json\/wp\/v2\/types\/product"}],"replies":[{"embeddable":true,"href":"https:\/\/www.imarja.mojweb.com.hr\/homework\/homework4\/wp-json\/wp\/v2\/comments?post=382"}],"wp:featuredmedia":[{"embeddable":true,"href":"https:\/\/www.imarja.mojweb.com.hr\/homework\/homework4\/wp-json\/wp\/v2\/media\/383"}],"wp:attachment":[{"href":"https:\/\/www.imarja.mojweb.com.hr\/homework\/homework4\/wp-json\/wp\/v2\/media?parent=382"}],"wp:term":[{"taxonomy":"product_cat","embeddable":true,"href":"https:\/\/www.imarja.mojweb.com.hr\/homework\/homework4\/wp-json\/wp\/v2\/product_cat?post=382"},{"taxonomy":"product_tag","embeddable":true,"href":"https:\/\/www.imarja.mojweb.com.hr\/homework\/homework4\/wp-json\/wp\/v2\/product_tag?post=382"}],"curies":[{"name":"wp","href":"https:\/\/api.w.org\/{rel}","templated":true}]}}