{"id":384,"date":"2024-06-08T10:42:58","date_gmt":"2024-06-08T10:42:58","guid":{"rendered":"https:\/\/www.imarja.mojweb.com.hr\/homework\/homework4\/?post_type=product&#038;p=384"},"modified":"2024-06-08T11:13:01","modified_gmt":"2024-06-08T11:13:01","slug":"organska-maskara-za-duljinu","status":"publish","type":"product","link":"https:\/\/www.imarja.mojweb.com.hr\/homework\/homework4\/product\/organska-maskara-za-duljinu\/","title":{"rendered":"Organska maskara za duljinu"},"content":{"rendered":"<p><span style=\"font-weight: 400;\">Na\u0161a organska maskara produ\u017euje i volumizira trepavice bez grudanja i lju\u0161tenja. Napravljena od prirodnih sastojaka poput aloe vere i ulja jojobe, njeguje va\u0161e trepavice dok pru\u017ea dramati\u010dan izgled.<\/span><\/p>\n","protected":false},"excerpt":{"rendered":"<p>Na\u0161a organska maskara produ\u017euje i volumizira trepavice bez grudanja i lju\u0161tenja. Napravljena od prirodnih sastojaka poput aloe vere i ulja jojobe, njeguje va\u0161e trepavice dok pru\u017ea dramati\u010dan izgled.<\/p>\n","protected":false},"featured_media":385,"comment_status":"open","ping_status":"closed","template":"","meta":[],"product_cat":[22],"product_tag":[],"class_list":{"0":"post-384","1":"product","2":"type-product","3":"status-publish","4":"has-post-thumbnail","6":"product_cat-makeup","8":"first","9":"instock","10":"taxable","11":"shipping-taxable","12":"purchasable","13":"product-type-simple"},"jetpack_sharing_enabled":true,"_links":{"self":[{"href":"https:\/\/www.imarja.mojweb.com.hr\/homework\/homework4\/wp-json\/wp\/v2\/product\/384","targetHints":{"allow":["GET"]}}],"collection":[{"href":"https:\/\/www.imarja.mojweb.com.hr\/homework\/homework4\/wp-json\/wp\/v2\/product"}],"about":[{"href":"https:\/\/www.imarja.mojweb.com.hr\/homework\/homework4\/wp-json\/wp\/v2\/types\/product"}],"replies":[{"embeddable":true,"href":"https:\/\/www.imarja.mojweb.com.hr\/homework\/homework4\/wp-json\/wp\/v2\/comments?post=384"}],"wp:featuredmedia":[{"embeddable":true,"href":"https:\/\/www.imarja.mojweb.com.hr\/homework\/homework4\/wp-json\/wp\/v2\/media\/385"}],"wp:attachment":[{"href":"https:\/\/www.imarja.mojweb.com.hr\/homework\/homework4\/wp-json\/wp\/v2\/media?parent=384"}],"wp:term":[{"taxonomy":"product_cat","embeddable":true,"href":"https:\/\/www.imarja.mojweb.com.hr\/homework\/homework4\/wp-json\/wp\/v2\/product_cat?post=384"},{"taxonomy":"product_tag","embeddable":true,"href":"https:\/\/www.imarja.mojweb.com.hr\/homework\/homework4\/wp-json\/wp\/v2\/product_tag?post=384"}],"curies":[{"name":"wp","href":"https:\/\/api.w.org\/{rel}","templated":true}]}}