{"id":388,"date":"2024-06-08T10:47:43","date_gmt":"2024-06-08T10:47:43","guid":{"rendered":"https:\/\/www.imarja.mojweb.com.hr\/homework\/homework4\/?post_type=product&#038;p=388"},"modified":"2024-06-08T11:10:48","modified_gmt":"2024-06-08T11:10:48","slug":"prirodni-mat-ruz-za-usne","status":"publish","type":"product","link":"https:\/\/www.imarja.mojweb.com.hr\/homework\/homework4\/product\/prirodni-mat-ruz-za-usne\/","title":{"rendered":"Prirodni mat ru\u017e za usne"},"content":{"rendered":"<p><span style=\"font-weight: 400;\">Na\u0161 mat ru\u017e za usne pru\u017ea intenzivnu boju s glatkim, neisu\u0161uju\u0107im zavr\u0161etkom. Formuliran s hranjivim shea maslacem i kokosovim uljem, odr\u017eava va\u0161e usne mekanima i hidratiziranima. Dostupan u raznim prekrasnim nijansama.<\/span><\/p>\n","protected":false},"excerpt":{"rendered":"<p>Na\u0161 mat ru\u017e za usne pru\u017ea intenzivnu boju s glatkim, neisu\u0161uju\u0107im zavr\u0161etkom. Formuliran s hranjivim shea maslacem i kokosovim uljem, odr\u017eava va\u0161e usne mekanima i hidratiziranima. Dostupan u raznim prekrasnim nijansama.<\/p>\n","protected":false},"featured_media":389,"comment_status":"open","ping_status":"closed","template":"","meta":[],"product_cat":[22],"product_tag":[],"class_list":{"0":"post-388","1":"product","2":"type-product","3":"status-publish","4":"has-post-thumbnail","6":"product_cat-makeup","8":"first","9":"instock","10":"taxable","11":"shipping-taxable","12":"purchasable","13":"product-type-simple"},"jetpack_sharing_enabled":true,"_links":{"self":[{"href":"https:\/\/www.imarja.mojweb.com.hr\/homework\/homework4\/wp-json\/wp\/v2\/product\/388","targetHints":{"allow":["GET"]}}],"collection":[{"href":"https:\/\/www.imarja.mojweb.com.hr\/homework\/homework4\/wp-json\/wp\/v2\/product"}],"about":[{"href":"https:\/\/www.imarja.mojweb.com.hr\/homework\/homework4\/wp-json\/wp\/v2\/types\/product"}],"replies":[{"embeddable":true,"href":"https:\/\/www.imarja.mojweb.com.hr\/homework\/homework4\/wp-json\/wp\/v2\/comments?post=388"}],"wp:featuredmedia":[{"embeddable":true,"href":"https:\/\/www.imarja.mojweb.com.hr\/homework\/homework4\/wp-json\/wp\/v2\/media\/389"}],"wp:attachment":[{"href":"https:\/\/www.imarja.mojweb.com.hr\/homework\/homework4\/wp-json\/wp\/v2\/media?parent=388"}],"wp:term":[{"taxonomy":"product_cat","embeddable":true,"href":"https:\/\/www.imarja.mojweb.com.hr\/homework\/homework4\/wp-json\/wp\/v2\/product_cat?post=388"},{"taxonomy":"product_tag","embeddable":true,"href":"https:\/\/www.imarja.mojweb.com.hr\/homework\/homework4\/wp-json\/wp\/v2\/product_tag?post=388"}],"curies":[{"name":"wp","href":"https:\/\/api.w.org\/{rel}","templated":true}]}}