{"id":393,"date":"2024-06-08T10:52:28","date_gmt":"2024-06-08T10:52:28","guid":{"rendered":"https:\/\/www.imarja.mojweb.com.hr\/homework\/homework4\/?post_type=product&#038;p=393"},"modified":"2024-06-08T11:08:22","modified_gmt":"2024-06-08T11:08:22","slug":"gel-za-oblikovanje-obrva","status":"publish","type":"product","link":"https:\/\/www.imarja.mojweb.com.hr\/homework\/homework4\/product\/gel-za-oblikovanje-obrva\/","title":{"rendered":"Gel za oblikovanje obrva"},"content":{"rendered":"<p><span style=\"font-weight: 400;\">Uredite i oblikujte svoje obrve s na\u0161im prirodnim gelom za obrve. Njegova nje\u017ena formula, oboga\u0107ena biljnim sastojcima, pru\u017ea fleksibilno dr\u017eanje bez krutosti. Savr\u0161en za stvaranje prirodnog, dotjeranog izgleda.<\/span><\/p>\n","protected":false},"excerpt":{"rendered":"<p>Uredite i oblikujte svoje obrve s na\u0161im prirodnim gelom za obrve. Njegova nje\u017ena formula, oboga\u0107ena biljnim sastojcima, pru\u017ea fleksibilno dr\u017eanje bez krutosti. Savr\u0161en za stvaranje prirodnog, dotjeranog izgleda.<\/p>\n","protected":false},"featured_media":394,"comment_status":"open","ping_status":"closed","template":"","meta":[],"product_cat":[22],"product_tag":[],"class_list":{"0":"post-393","1":"product","2":"type-product","3":"status-publish","4":"has-post-thumbnail","6":"product_cat-makeup","8":"first","9":"instock","10":"sale","11":"taxable","12":"shipping-taxable","13":"purchasable","14":"product-type-simple"},"jetpack_sharing_enabled":true,"_links":{"self":[{"href":"https:\/\/www.imarja.mojweb.com.hr\/homework\/homework4\/wp-json\/wp\/v2\/product\/393","targetHints":{"allow":["GET"]}}],"collection":[{"href":"https:\/\/www.imarja.mojweb.com.hr\/homework\/homework4\/wp-json\/wp\/v2\/product"}],"about":[{"href":"https:\/\/www.imarja.mojweb.com.hr\/homework\/homework4\/wp-json\/wp\/v2\/types\/product"}],"replies":[{"embeddable":true,"href":"https:\/\/www.imarja.mojweb.com.hr\/homework\/homework4\/wp-json\/wp\/v2\/comments?post=393"}],"wp:featuredmedia":[{"embeddable":true,"href":"https:\/\/www.imarja.mojweb.com.hr\/homework\/homework4\/wp-json\/wp\/v2\/media\/394"}],"wp:attachment":[{"href":"https:\/\/www.imarja.mojweb.com.hr\/homework\/homework4\/wp-json\/wp\/v2\/media?parent=393"}],"wp:term":[{"taxonomy":"product_cat","embeddable":true,"href":"https:\/\/www.imarja.mojweb.com.hr\/homework\/homework4\/wp-json\/wp\/v2\/product_cat?post=393"},{"taxonomy":"product_tag","embeddable":true,"href":"https:\/\/www.imarja.mojweb.com.hr\/homework\/homework4\/wp-json\/wp\/v2\/product_tag?post=393"}],"curies":[{"name":"wp","href":"https:\/\/api.w.org\/{rel}","templated":true}]}}